{"id":39,"date":"2020-10-23T10:31:15","date_gmt":"2020-10-23T10:31:15","guid":{"rendered":"https:\/\/irontec.ee\/pood\/?post_type=product&#038;p=39"},"modified":"2024-05-23T14:55:26","modified_gmt":"2024-05-23T14:55:26","slug":"telefonihoidja-lauale","status":"publish","type":"product","link":"https:\/\/irontec.ee\/pood\/toode\/telefonihoidja-lauale\/","title":{"rendered":"Telefonihoidja lauale"},"content":{"rendered":"","protected":false},"excerpt":{"rendered":"<p>Hobuseraua ehk \u00f5nnetoova s\u00fcmboli kujuline telefonihoidja on sinu laual lisaks mugavusele ka kui pilkup\u00fc\u00fcdev aksessuaar. Kaunis v\u00e4limuses peitub aga ka t\u00f5eline multifunktsionaalsus \u2013 telefoni saab asetada hoidjale nii vertikaalselt kui ka horisontaalselt ning lisaks on hoidjal pastapliiatsi pesa, mis hoiab sinu kirjutusvahendit k\u00e4ttesaadaval ja n\u00e4htaval kohal.<\/p>\n<p>See armas aksessuaar on nii m\u00f5nusalt v\u00e4ike ning mahub h\u00f5lpsasti taskusse, et saaksid mugavust endaga alati kaasas kanda.<\/p>\n","protected":false},"featured_media":54,"template":"","meta":{"_acf_changed":false},"product_brand":[],"product_cat":[15],"product_tag":[],"class_list":{"0":"post-39","1":"product","2":"type-product","3":"status-publish","4":"has-post-thumbnail","6":"product_cat-uncategorized","8":"first","9":"instock","10":"shipping-taxable","11":"purchasable","12":"product-type-variable"},"acf":[],"_links":{"self":[{"href":"https:\/\/irontec.ee\/pood\/wp-json\/wp\/v2\/product\/39","targetHints":{"allow":["GET"]}}],"collection":[{"href":"https:\/\/irontec.ee\/pood\/wp-json\/wp\/v2\/product"}],"about":[{"href":"https:\/\/irontec.ee\/pood\/wp-json\/wp\/v2\/types\/product"}],"wp:featuredmedia":[{"embeddable":true,"href":"https:\/\/irontec.ee\/pood\/wp-json\/wp\/v2\/media\/54"}],"wp:attachment":[{"href":"https:\/\/irontec.ee\/pood\/wp-json\/wp\/v2\/media?parent=39"}],"wp:term":[{"taxonomy":"product_brand","embeddable":true,"href":"https:\/\/irontec.ee\/pood\/wp-json\/wp\/v2\/product_brand?post=39"},{"taxonomy":"product_cat","embeddable":true,"href":"https:\/\/irontec.ee\/pood\/wp-json\/wp\/v2\/product_cat?post=39"},{"taxonomy":"product_tag","embeddable":true,"href":"https:\/\/irontec.ee\/pood\/wp-json\/wp\/v2\/product_tag?post=39"}],"curies":[{"name":"wp","href":"https:\/\/api.w.org\/{rel}","templated":true}]}}