{"id":96,"date":"2020-11-17T14:47:36","date_gmt":"2020-11-17T14:47:36","guid":{"rendered":"https:\/\/irontec.ee\/pood\/?page_id=96"},"modified":"2021-06-17T11:28:01","modified_gmt":"2021-06-17T11:28:01","slug":"teenusetingimused","status":"publish","type":"page","link":"https:\/\/irontec.ee\/pood\/teenusetingimused\/","title":{"rendered":"Teenusetingimused"},"content":{"rendered":"\n<div style=\"height:40px\" aria-hidden=\"true\" class=\"wp-block-spacer\"><\/div>\n\n\n\n<h1 class=\"wp-block-heading\">Teenusetingimused<\/h1>\n\n\n\n<h2 class=\"wp-block-heading\">Veebipoe tingimused<\/h2>\n\n\n\n<p>Teenusetingimustega n\u00f5ustudes, kinnitate, et olete v\u00e4hemalt 16.aastane Eesti kodanik, kel on \u00f5igus meie veebilehte kasutada.<\/p>\n\n\n\n<p>Teenuse kasutamisel ei tohi te rikkuda Eestis kehtivaid seadusid, kaasarvatud autori\u00f5iguseid k\u00e4sitlevaid seadusi. Samuti on meie teenuste toodete illegaalselt kasutamine keelatud.<\/p>\n\n\n\n<p>Rikkumiste puhul s\u00e4ilitame \u00f5iguse teile teenuseid mitte pakkuda ja\/v\u00f5i neid l\u00f5petada.<\/p>\n\n\n\n<h2 class=\"wp-block-heading\">Informatsiooni t\u00e4psus, t\u00e4ielikkus ning ajakohasus<\/h2>\n\n\n\n<p>Informatsiooni t\u00e4psuse, t\u00e4ielikkuse ja ajakohasuse kohta, palun tutvuge meie&nbsp;<a href=\"https:\/\/www.irontec.ee\/kasutajatingimused\/\">kasutajatingimustega<\/a>.<\/p>\n\n\n\n<h2 class=\"wp-block-heading\">Muudatused teenuses ja hinnas<\/h2>\n\n\n\n<p>Meie toodete ja teenuste hinnad s\u00f5ltuvad paljudest erinevatest faktoritest ning on seep\u00e4rast muutlikud. S\u00e4ilitame \u00f5iguse igal ajahetkel muuta v\u00f5i l\u00f5petada teenuseid ilma etteteatamiseta.<\/p>\n\n\n\n<p>Me pole kohustatud teavitama teid v\u00f5i kedagi teist meie toodete ja teenuste muutustes.<\/p>\n\n\n\n<h2 class=\"wp-block-heading\">Tooted v\u00f5i teenused<\/h2>\n\n\n\n<p>M\u00f5ned tooted v\u00f5i teenused v\u00f5ivad olla saadaval vaid veebipoe kaudu. Nende toodete v\u00f5i teenuste arv v\u00f5ib olla piiratud.<\/p>\n\n\n\n<p>Oleme vaeva n\u00e4inud, et n\u00e4idata meie veebilehel esinevaid tooteid\/teenuseid nii realistlikult ja t\u00e4pselt kui v\u00f5imalik. Sellegipoolest ei saa me garanteerida, et meie poolt pakutavad tooted n\u00e4evad samasugused v\u00e4lja nagu nad piltidel kujutatud (teie arvutiekraani v\u00e4rvide t\u00f5ttu, v\u00f5ivad nad erineda p\u00e4ris v\u00e4rvidest).<\/p>\n\n\n\n<p>Meil on \u00f5igus keelduda oma toodete ja\/v\u00f5i teenuste pakkumist teatud isikutele, geograafilisele regioonile v\u00f5i seadusega vastuolus situatsioonidele. Samuti s\u00e4ilitame \u00f5iguse oma pakutavaid tooteid ja teenuseid piirata, kui see vajalikuks osutub.<\/p>\n\n\n\n<h2 class=\"wp-block-heading\">Arve esitamise t\u00e4psus ning kasutaja informatsioon<\/h2>\n\n\n\n<p>Meil on \u00f5igus keelduda teie esitatud tellimustele. V\u00f5ime piirata v\u00f5i l\u00f5petada koguslike oste \u00fche inimese, majapidamise v\u00f5i tellimuse kohta. Juhul, kui t\u00fchistame tellimuse, teavitame sellest teid e-maili ja\/v\u00f5i telefoni teel.<\/p>\n\n\n\n<p>Tellimuste \u00f5nnestumiseks, n\u00f5ustute jagama ajakohast, t\u00e4ielikku ning t\u00e4pset infot. Samuti n\u00f5ustute oma informatsiooni uuendama, et saaksime teie poolt tehtavaid tehingud edukalt l\u00f5puni viia ja vajadusel \u00fchendust v\u00f5tta.<\/p>\n\n\n\n<h2 class=\"wp-block-heading\">Valikulised v\u00f5imalused<\/h2>\n\n\n\n<p>Meie teenuste ja toodetega v\u00f5ivad kaasneda kolmandate-osapoolte teenused\/tooted. Irontecil puudub kontroll ja \u00fclevaade nende \u00fcle. Seega n\u00f5ustute, et meie poolt teenuste ja toodete tellimisel, v\u00f5ime pakkuda ka kolmandate-osapoolte teenuseid ilma garantii, esindus\u00f5iguse v\u00f5i tingimusteta. Kui kasutate kolmandate-osapoolte poolt pakutavaid lahendusi, siis pole meil kohustusi nende poolt kasutatavate lahenduste ees (n\u00e4iteks makselahendused).<\/p>\n\n\n\n<p>Kolmandate-osapoolte teenused meie lehel, on teie enda riskil ning vastutusel. Selleks peate ennast kurssi viima nende teenusetingimustega.<\/p>\n\n\n\n<p>Me v\u00f5ime tulevikus pakkuda rohkem uusi teenuseid ja\/v\u00f5i tooteid, mis k\u00f5ik on ka seotud sellel veebilehel olevate kasutaja- ja teenusetingimuste dokumentidega.<\/p>\n\n\n\n<h2 class=\"wp-block-heading\">Garantii piirang, vastutuse piiramine<\/h2>\n\n\n\n<p>Me ei garanteeri, et meie poolt pakutav teenus oleks alati t\u00e4iesti probleemivaba, turvaline, t\u00e4pne v\u00f5i segamatu. N\u00f5ustute, et aeg-ajalt v\u00f5ime teenuse pakkumise l\u00f5petada teatud ajaperioodiks v\u00f5i katkestada see t\u00e4ielikult. Sel juhul pole me kohustatud teid sellest teavitamata.<\/p>\n\n\n\n<p>Te m\u00f5istate ja n\u00f5ustute, et kasutate meie poolt pakutavaid teenuseid ja tooteid enda riskil. Irontec ja temaga seotud isikud, pole vastutavad vigastuste, kaotuste, n\u00f5uete v\u00f5i muude otseste v\u00f5i kaudsete tekkivate kahjude eest.<\/p>\n\n\n\n<h2 class=\"wp-block-heading\">L\u00f5petamine<\/h2>\n\n\n\n<p>Osapoolte vahelised vastutused ja kohustused kehtivad lepingu l\u00f5petamiseni v\u00f5i selles m\u00e4rgitud l\u00f5ppt\u00e4htp\u00e4eva saabumiseni.<\/p>\n\n\n\n<p>Teenusetingimused on j\u00f5us niikaua, kuni leping kehtib. Te v\u00f5ite teenusetingimuse lepingust loobuda, kuid sel juhul peate meid sellest teavitama, et ei soovi enam kasutada meie poolt pakutavaid teenuseid\/tooteid. Sel juhul peate ka loobuma Irontec O\u00dc veebilehe kasutamisest.<\/p>\n\n\n\n<p>Teenusetingimuse rikkumise puhul (v\u00f5i kui kahtlustame, et seda teete) j\u00e4\u00e4b meile \u00f5igus leping l\u00f5petada. Sel juhul v\u00f5ime lepingu l\u00f5petada \u00fcksk\u00f5ik millal, ilma teid teavitamata ja teile j\u00e4\u00e4b kohustus oma viimase tellimusega seotud kohustused t\u00e4ita. Samuti j\u00e4\u00e4b meile \u00f5igus piirata teie ligip\u00e4\u00e4su meie poolt pakutavatele teenustele ja toodetele.<\/p>\n\n\n\n<h2 class=\"wp-block-heading\">Kokkulepe<\/h2>\n\n\n\n<p>Kasutades meie poolt pakutavaid teenuseid v\u00f5i tooteid, n\u00f5ustute sellel lehel asuvate teenusetingimusega. Teenusetingimus ei kaota oma eesm\u00e4rki, kui meie peaksime nende t\u00e4itmisel v\u00f5i j\u00f5ustamisel eksima.<\/p>\n\n\n\n<p>Kui soovite meiega sel teemal suhelda, soovitusi teha v\u00f5i midagi kokku leppida, siis palun v\u00f5tke meiega \u00fchendust kas emaili v\u00f5i telefoni teel.<\/p>\n\n\n\n<p>Dokumendi lugemisel tekkivaid ebaselgusi ja t\u00f5lgendusi, ei tohi kasutada pahatahtlikult.<\/p>\n\n\n\n<p><em>Irontec O\u00dc s\u00e4ilitab \u00f5iguse teha vastavalt vajadusele muudatusi veebilehe teenusetingimustes.<\/em><\/p>\n\n\n\n<p><em>Viimati muudetud: 17. november 2020<\/em><\/p>\n","protected":false},"excerpt":{"rendered":"<p>Teenusetingimused Veebipoe tingimused Teenusetingimustega n\u00f5ustudes, kinnitate, et olete v\u00e4hemalt 16.aastane Eesti kodanik, kel on \u00f5igus meie veebilehte kasutada. Teenuse kasutamisel ei tohi te rikkuda Eestis kehtivaid seadusid, kaasarvatud autori\u00f5iguseid k\u00e4sitlevaid seadusi. Samuti on meie teenuste toodete illegaalselt kasutamine keelatud. Rikkumiste puhul s\u00e4ilitame \u00f5iguse teile teenuseid mitte pakkuda ja\/v\u00f5i neid l\u00f5petada. Informatsiooni t\u00e4psus, t\u00e4ielikkus ning ajakohasus [&hellip;]<\/p>\n","protected":false},"author":1,"featured_media":0,"parent":0,"menu_order":0,"comment_status":"closed","ping_status":"closed","template":"","meta":{"_acf_changed":false,"footnotes":""},"class_list":["post-96","page","type-page","status-publish","hentry"],"acf":[],"_links":{"self":[{"href":"https:\/\/irontec.ee\/pood\/wp-json\/wp\/v2\/pages\/96","targetHints":{"allow":["GET"]}}],"collection":[{"href":"https:\/\/irontec.ee\/pood\/wp-json\/wp\/v2\/pages"}],"about":[{"href":"https:\/\/irontec.ee\/pood\/wp-json\/wp\/v2\/types\/page"}],"author":[{"embeddable":true,"href":"https:\/\/irontec.ee\/pood\/wp-json\/wp\/v2\/users\/1"}],"replies":[{"embeddable":true,"href":"https:\/\/irontec.ee\/pood\/wp-json\/wp\/v2\/comments?post=96"}],"version-history":[{"count":2,"href":"https:\/\/irontec.ee\/pood\/wp-json\/wp\/v2\/pages\/96\/revisions"}],"predecessor-version":[{"id":169,"href":"https:\/\/irontec.ee\/pood\/wp-json\/wp\/v2\/pages\/96\/revisions\/169"}],"wp:attachment":[{"href":"https:\/\/irontec.ee\/pood\/wp-json\/wp\/v2\/media?parent=96"}],"curies":[{"name":"wp","href":"https:\/\/api.w.org\/{rel}","templated":true}]}}