{"id":94,"date":"2020-11-17T14:46:12","date_gmt":"2020-11-17T14:46:12","guid":{"rendered":"https:\/\/irontec.ee\/pood\/?page_id=94"},"modified":"2021-06-17T11:26:47","modified_gmt":"2021-06-17T11:26:47","slug":"kasutajatingimused","status":"publish","type":"page","link":"https:\/\/irontec.ee\/pood\/kasutajatingimused\/","title":{"rendered":"Kasutajatingimused"},"content":{"rendered":"\n<div style=\"height:40px\" aria-hidden=\"true\" class=\"wp-block-spacer\"><\/div>\n\n\n\n<h1 class=\"wp-block-heading\">Kasutajatingimused<\/h1>\n\n\n\n<p>J\u00e4rgnevad kasutajatingimused kirjeldavad reegleid ja m\u00e4\u00e4rusi Irontec O\u00dc veebilehe (<a href=\"https:\/\/www.irontec.ee\/\">https:\/\/www.irontec.ee<\/a>) kasutamiseks.<\/p>\n\n\n\n<p>Lehte k\u00fclastades eeldame, et n\u00f5ustute nende tingimustega.<\/p>\n\n\n\n<h2 class=\"wp-block-heading\">K\u00fcpsised<\/h2>\n\n\n\n<p>Kasutame lehel k\u00fcpsiseid. Enamik veebilehti kasutab k\u00fcpsiseid, et saada \u00fclevaadet lehe k\u00fclastajatest. Kasutame k\u00fcpsiseid selleks, et v\u00f5imaldada teatud lehek\u00fclgede funktsionaalsust ja muuta leht k\u00fclastavate inimeste jaoks lihtsamaks ning kasutajas\u00f5bralikumaks. M\u00f5ned meie partnerlehed v\u00f5ivad samuti kasutada k\u00fcpsiseid.<\/p>\n\n\n\n<h2 class=\"wp-block-heading\">Litsents<\/h2>\n\n\n\n<p>Kui pole just teisiti mainitud, kuuluvad Irontec O\u00dc-le k\u00f5ik Irontec lehel kuvatud intellektuaalomandi \u00f5igused. K\u00f5ik \u00f5igused on kaitstud.<\/p>\n\n\n\n<p>Te ei tohi:<\/p>\n\n\n\n<ul class=\"wp-block-list\"><li>Irontec lehel kuvatud materjali (tekst, pildid, videod jne) mujal avaldada.<\/li><li>M\u00fc\u00fca, rentida v\u00f5i litsentsida seda materjali.<\/li><li>Lehek\u00fclje sisu kopeerida.<\/li><li>Irontec lehek\u00fclgede sisu levitada.<\/li><\/ul>\n\n\n\n<p>K\u00e4esolev leping kehtib alates 20.04.2020<\/p>\n\n\n\n<p>M\u00f5ned lehed sellel veebilehel v\u00f5ivad kasutajatele anda v\u00f5imaluse kommenteerida ja vahetada arvamusi\/teavet. Need kommentaarid ei kajasta Irontec O\u00dc, tema esindajate ja\/v\u00f5i sidusettev\u00f5tete seisukohti ja arvamusi. Kommentaarid kajastavad postitanud inimeste seisukohti ja arvamusi. Irontec O\u00dc ei vastuta veebilehel ilmuvate kommentaaride sisu eest ega nendest tekkivate varalise v\u00f5i moraalse kahju eest.<\/p>\n\n\n\n<p>Irontec O\u00dc j\u00e4tab endale \u00f5iguse j\u00e4lgida k\u00f5iki kommentaare ja eemaldada need, mida peab sobimatuks, solvavaks v\u00f5i tingimusi rikkuvaks.<\/p>\n\n\n\n<p>Lehte k\u00fclastades:<\/p>\n\n\n\n<ul class=\"wp-block-list\"><li>On teil \u00f5igus postitada kommentaare meie veebilehele;<\/li><li>Kinnitate, et teie postitatud kommentaarid ei riku intellektuaalomandi \u00f5igusi, \u00fchegi kolmanda isiku autori\u00f5igust, patenti v\u00f5i kaubam\u00e4rki;<\/li><li>Kinnitate, et teie kommentaarid ei sisalda laimavat, solvavat, v\u00e4\u00e4ritut ega muul viisil ebaseaduslikku materjali;<\/li><li>Kinnitate, et ei kasuta kommenteerimise \u00f5igust \u00e4ritegevuse v\u00f5i ebaseadusliku tegevuse pakkumiseks ega reklaamimiseks.<\/li><\/ul>\n\n\n\n<p>K\u00e4esolevaga annate Irontec O\u00dc-le ainulitsentsi teie kommentaaride kasutamiseks, paljundamiseks, redigeerimiseks ja volitamiseks teistele isikutele, mis tahes vormis, vormingus v\u00f5i meediumis, reprodutseerimiseks ja redigeerimiseks.<\/p>\n\n\n\n<h2 class=\"wp-block-heading\">Teie privaatsus<\/h2>\n\n\n\n<p>Palun k\u00fclastage&nbsp;<a href=\"https:\/\/irontec.ee\/pood\/privaatsuspoliitika\/\" target=\"_blank\" rel=\"noreferrer noopener\">seda linki<\/a>, et viia ennast kurssi meie privaatsuspoliitikaga.<\/p>\n\n\n\n<h2 class=\"wp-block-heading\">Linkide eemaldamine meie veebilehelt<\/h2>\n\n\n\n<p>Kui leiate meie veebilehelt lingi, mis on mingil p\u00f5hjusel ebasobiv, v\u00f5ite meiega \u00fchendust v\u00f5tta ja meid sellest teavitada. Arvestame linkide eemaldamise taotlustega ja&nbsp;vastame neile 5 t\u00f6\u00f6p\u00e4eva jooksul, kuid me ei ole kohustatud linke eemaldama.<\/p>\n\n\n\n<h2 class=\"wp-block-heading\">Kohustustest loobumine<\/h2>\n\n\n\n<p>Me ei taga, et sellel veebilehel olev teave oleks \u00f5ige, t\u00e4ielik v\u00f5i t\u00e4pne. Samuti ei luba me, et veebileht j\u00e4\u00e4b k\u00e4ttesaadavaks v\u00f5i sellel olev info hoitakse ajakohasena.<\/p>\n\n\n\n<p>Kui veebilehel pakutavat teavet ja\/v\u00f5i teenuseid pakutakse tasuta, ei vastuta me tekkiva kahjumi v\u00f5i kahjustuste eest.<\/p>\n\n\n\n<p><em>Irontec O\u00dc s\u00e4ilitab \u00f5iguse teha vastavalt vajadusele muudatusi veebilehe kasutajatingimustes.<\/em><\/p>\n\n\n\n<p><em>Viimati muudetud: 17. november 2020<\/em><\/p>\n","protected":false},"excerpt":{"rendered":"<p>Kasutajatingimused J\u00e4rgnevad kasutajatingimused kirjeldavad reegleid ja m\u00e4\u00e4rusi Irontec O\u00dc veebilehe (https:\/\/www.irontec.ee) kasutamiseks. Lehte k\u00fclastades eeldame, et n\u00f5ustute nende tingimustega. K\u00fcpsised Kasutame lehel k\u00fcpsiseid. Enamik veebilehti kasutab k\u00fcpsiseid, et saada \u00fclevaadet lehe k\u00fclastajatest. Kasutame k\u00fcpsiseid selleks, et v\u00f5imaldada teatud lehek\u00fclgede funktsionaalsust ja muuta leht k\u00fclastavate inimeste jaoks lihtsamaks ning kasutajas\u00f5bralikumaks. M\u00f5ned meie partnerlehed v\u00f5ivad samuti kasutada [&hellip;]<\/p>\n","protected":false},"author":1,"featured_media":0,"parent":0,"menu_order":0,"comment_status":"closed","ping_status":"closed","template":"","meta":{"_acf_changed":false,"footnotes":""},"class_list":["post-94","page","type-page","status-publish","hentry"],"acf":[],"_links":{"self":[{"href":"https:\/\/irontec.ee\/pood\/wp-json\/wp\/v2\/pages\/94","targetHints":{"allow":["GET"]}}],"collection":[{"href":"https:\/\/irontec.ee\/pood\/wp-json\/wp\/v2\/pages"}],"about":[{"href":"https:\/\/irontec.ee\/pood\/wp-json\/wp\/v2\/types\/page"}],"author":[{"embeddable":true,"href":"https:\/\/irontec.ee\/pood\/wp-json\/wp\/v2\/users\/1"}],"replies":[{"embeddable":true,"href":"https:\/\/irontec.ee\/pood\/wp-json\/wp\/v2\/comments?post=94"}],"version-history":[{"count":3,"href":"https:\/\/irontec.ee\/pood\/wp-json\/wp\/v2\/pages\/94\/revisions"}],"predecessor-version":[{"id":167,"href":"https:\/\/irontec.ee\/pood\/wp-json\/wp\/v2\/pages\/94\/revisions\/167"}],"wp:attachment":[{"href":"https:\/\/irontec.ee\/pood\/wp-json\/wp\/v2\/media?parent=94"}],"curies":[{"name":"wp","href":"https:\/\/api.w.org\/{rel}","templated":true}]}}