{"id":3,"date":"2020-10-08T15:21:13","date_gmt":"2020-10-08T15:21:13","guid":{"rendered":"https:\/\/irontec.ee\/pood\/?page_id=3"},"modified":"2021-06-17T11:27:18","modified_gmt":"2021-06-17T11:27:18","slug":"privaatsuspoliitika","status":"publish","type":"page","link":"https:\/\/irontec.ee\/pood\/privaatsuspoliitika\/","title":{"rendered":"Privaatsuspoliitika"},"content":{"rendered":"\n<div style=\"height:40px\" aria-hidden=\"true\" class=\"wp-block-spacer\"><\/div>\n\n\n\n<h1 class=\"wp-block-heading\">Privaatsuspoliitika<\/h1>\n\n\n\n<p>Irontec O\u00dc (registrikood 14187442, asukoht Vitamiini tn. 8, 51014, Tartu) \u00fcheks peamiseks prioriteediks on k\u00fclastajate privaatsus. See privaatsuspoliitika dokument sisaldab teavet selle kohta, kuidas Irontec O\u00dc informatsiooni kogub ja kasutab.<\/p>\n\n\n\n<p>Kui teil tekib k\u00fcsimusi v\u00f5i soovite lisateavet selle privaatsuspoliitika kohta, palun v\u00f5tke meiega \u00fchendust.<\/p>\n\n\n\n<p>See privaatsuseeskiri kehtib ainult selle veebilehe (<a href=\"https:\/\/www.irontec.ee\/\">https:\/\/www.irontec.ee\/<\/a>) kohta.<\/p>\n\n\n\n<h2 class=\"wp-block-heading\">N\u00f5usolek<\/h2>\n\n\n\n<p>Seda lehek\u00fclge kasutades n\u00f5ustute meie privaatsuspoliitikaga ja selle tingimustega.<\/p>\n\n\n\n<h2 class=\"wp-block-heading\">Kogutav teave<\/h2>\n\n\n\n<p>Isikuandmed, mida teil palutakse esitada koos nende esitamise p\u00f5hjustega, tehakse teile selgeks nende esitamise kohas.<\/p>\n\n\n\n<p>Meiega \u00fchendust v\u00f5ttes, v\u00f5ime saada teie kohta lisateavet. Selleks on n\u00e4iteks teie nimi, e-posti aadress, telefoninumber, s\u00f5numi ja\/v\u00f5i manuste sisu \u2013 informatsioon mida otsustate jagada.<\/p>\n\n\n\n<p>Irontec lehele konto loomisel, v\u00f5ime k\u00fcsida teie kontaktteavet, sealhulgas selliseid andmeid nagu teie nimi, ettev\u00f5tte nimi, aadress, e-posti aadress ja telefoninumber.<\/p>\n\n\n\n<h2 class=\"wp-block-heading\">Kuidas me teie informatsiooni kasutame?<\/h2>\n\n\n\n<p>Kogutud teavet kasutame mitmel viisil, sealhulgas:<\/p>\n\n\n\n<ul class=\"wp-block-list\"><li>Veebilehe haldamiseks ja hooldamiseks.<\/li><li>Veebilehe t\u00e4iustamiseks, isikup\u00e4rastamiseks ja kasvatamiseks.<\/li><li>Et m\u00f5ista ja anal\u00fc\u00fcsida, kuidas te Irontec lehek\u00fclge kasutate.<\/li><li>Uute toodete, teenuste, funktsioonide ja funktsionaalsuse arendamiseks.<\/li><li>Teiega suhtluses \u2013 kas otse v\u00f5i l\u00e4bi meie koost\u00f6\u00f6partnerite ja\/v\u00f5i klienditoe, et hoida teid kursis uuendustega v\u00f5i jagada veebilehega seonduvat teavet. Samuti ka turundus- ja reklaamieesm\u00e4rkidel.<\/li><li>Et saata teile emaile.<\/li><li>Pettuste otsimiseks ja \u00e4rahoidmiseks.<\/li><\/ul>\n\n\n\n<p>Me ei jaga isikut tuvastavat teavet avalikult ega kolmandate osapooltega, v\u00e4lja arvatud juhul, kui see on seadusega ette n\u00e4htud.<\/p>\n\n\n\n<h2 class=\"wp-block-heading\">Logifailid<\/h2>\n\n\n\n<p>Irontec O\u00dc j\u00e4rgib logifailide kasutamise standardset protseduuri. Need failid salvestavad lehek\u00fclje k\u00fclastajaid. K\u00f5ik veebimajutusettev\u00f5tted teevad seda anal\u00fc\u00fcsi eesm\u00e4rgil. Logifailide kogutud teave sisaldab internetiprotokolli (IP) aadresse, brauseri t\u00fc\u00fcpi, internetiteenuse pakkujat (ISP), kuup\u00e4eva ja kellaaega, lehti millele saabutakse\/millelt lahkutakse ja klikkide arvu. Neid ei seostata \u00fchegi isikut tuvastava teabega. Seda informatsiooni kogutakse trendide anal\u00fc\u00fcsiks, veebilehe haldamiseks, kasutajate liikumise j\u00e4lgimiseks veebilehel ja demograafilise teabe kogumiseks.<\/p>\n\n\n\n<p>Me s\u00e4ilitame kogutud teavet ainult nii kaua, kui see on vajalik teie soovitud teenuse osutamiseks.<\/p>\n\n\n\n<h2 class=\"wp-block-heading\">K\u00fcpsiste kasutamine<\/h2>\n\n\n\n<p>Nagu iga teinegi veebilehek\u00fclg, kasutab ka Irontec \"k\u00fcpsiseid\". K\u00fcpsiseid kasutatakse k\u00fclastajate eelistuste ja eri lehtede vaatamiste salvestamiseks. Seda teavet kasutatakse kasutajakogemuse optimeerimiseks, kohandades selleks meie veebilehe sisu vastavalt k\u00fclastaja brauseri t\u00fc\u00fcbile ja\/v\u00f5i muule teabele.<\/p>\n\n\n\n<h2 class=\"wp-block-heading\">GDPR andmekaitse\u00f5igused<\/h2>\n\n\n\n<p>Soovime olla kindlad, et oleksite k\u00f5igist oma andmekaitse\u00f5igustest teadlikud. Igal lehe kasutajal on \u00f5igus j\u00e4rgmistele tingimustele:<\/p>\n\n\n\n<ul class=\"wp-block-list\"><li>Juurdep\u00e4\u00e4su\u00f5igus - teil on \u00f5igus n\u00f5uda oma isikuandmete koopiaid. V\u00f5ime selle teenuse eest v\u00f5tta v\u00e4ikest tasu.<\/li><li>\u00d5igus parandusele - teil on \u00f5igus n\u00f5uda, et parandaksime teie arvates ebat\u00e4pse teabe. Samuti on teil \u00f5igus n\u00f5uda, et t\u00e4iendaksime teavet, mis on teie arvates puudulik.<\/li><li>Kustutamis\u00f5igus - teil on teatud tingimustel \u00f5igus taotleda, et me kustutaksime teie isikuandmed.<\/li><li>T\u00f6\u00f6tlemise piiramise \u00f5igus - teil on \u00f5igus n\u00f5uda, et me piiraksime teie isikuandmete t\u00f6\u00f6tlemist teatud tingimustel.<\/li><li>\u00d5igus esitad vastuv\u00e4iteid t\u00f6\u00f6tlemisele - teil on teatud tingimustel \u00f5igus vaidlustada meie poolt teie isikuandmete t\u00f6\u00f6tlemist.<\/li><li>\u00d5igus andmete teisaldatavusele - teil on \u00f5igus n\u00f5uda, et me edastaksime kogutud andmed teatud tingimustel teisele organisatsioonile v\u00f5i otse teile.<\/li><\/ul>\n\n\n\n<p>Kui esitate taotluse, on meil aega \u00fcks kuu, et teile vastata. Kui soovite m\u00f5nda neist \u00f5igustest kasutada, palun v\u00f5tke meiega \u00fchendust.<\/p>\n\n\n\n<h2 class=\"wp-block-heading\">Laste teave<\/h2>\n\n\n\n<p>Teine osa meie prioriteedist on lastekaitse Interneti kasutuses. Me julgustame vanemaid ja eestkostjaid j\u00e4lgima, osalema ja\/v\u00f5i juhendama laste veebitegevust.<\/p>\n\n\n\n<p>Irontec ei kogu teadlikult isiklikku tuvastatavat teavet alla 13-aastaste laste kohta. Kui arvate, et teie laps esitas meie veebisaidil sellist teavet, soovitame meiega kohe \u00fchendust v\u00f5tta, et saaksime viivitamatult eemaldada sellise info meie registritest.<\/p>\n\n\n\n<p><em>Irontec O\u00dc s\u00e4ilitab \u00f5iguse teha vastavalt vajadusele muudatusi veebilehe privaatsuspoliitikas.<\/em><\/p>\n\n\n\n<p><em>Viimati muudetud: 20. aprill 2020<\/em><\/p>\n","protected":false},"excerpt":{"rendered":"<p>Privaatsuspoliitika Irontec O\u00dc (registrikood 14187442, asukoht Vitamiini tn. 8, 51014, Tartu) \u00fcheks peamiseks prioriteediks on k\u00fclastajate privaatsus. See privaatsuspoliitika dokument sisaldab teavet selle kohta, kuidas Irontec O\u00dc informatsiooni kogub ja kasutab. Kui teil tekib k\u00fcsimusi v\u00f5i soovite lisateavet selle privaatsuspoliitika kohta, palun v\u00f5tke meiega \u00fchendust. See privaatsuseeskiri kehtib ainult selle veebilehe (https:\/\/www.irontec.ee\/) kohta. N\u00f5usolek Seda [&hellip;]<\/p>\n","protected":false},"author":1,"featured_media":0,"parent":0,"menu_order":0,"comment_status":"closed","ping_status":"open","template":"","meta":{"_acf_changed":false,"footnotes":""},"class_list":["post-3","page","type-page","status-publish","hentry"],"acf":[],"_links":{"self":[{"href":"https:\/\/irontec.ee\/pood\/wp-json\/wp\/v2\/pages\/3","targetHints":{"allow":["GET"]}}],"collection":[{"href":"https:\/\/irontec.ee\/pood\/wp-json\/wp\/v2\/pages"}],"about":[{"href":"https:\/\/irontec.ee\/pood\/wp-json\/wp\/v2\/types\/page"}],"author":[{"embeddable":true,"href":"https:\/\/irontec.ee\/pood\/wp-json\/wp\/v2\/users\/1"}],"replies":[{"embeddable":true,"href":"https:\/\/irontec.ee\/pood\/wp-json\/wp\/v2\/comments?post=3"}],"version-history":[{"count":3,"href":"https:\/\/irontec.ee\/pood\/wp-json\/wp\/v2\/pages\/3\/revisions"}],"predecessor-version":[{"id":168,"href":"https:\/\/irontec.ee\/pood\/wp-json\/wp\/v2\/pages\/3\/revisions\/168"}],"wp:attachment":[{"href":"https:\/\/irontec.ee\/pood\/wp-json\/wp\/v2\/media?parent=3"}],"curies":[{"name":"wp","href":"https:\/\/api.w.org\/{rel}","templated":true}]}}